{"id":141,"date":"2022-04-13T20:09:49","date_gmt":"2022-04-13T18:09:49","guid":{"rendered":"http:\/\/arlanc.dbegon.fr\/jardin-pour-la-terre\/?page_id=141"},"modified":"2025-03-12T13:38:57","modified_gmt":"2025-03-12T12:38:57","slug":"presse","status":"publish","type":"page","link":"https:\/\/arlanc.fr\/jardin-pour-la-terre\/presse\/","title":{"rendered":"Presse"},"content":{"rendered":"\t\t<div data-elementor-type=\"wp-page\" data-elementor-id=\"141\" class=\"elementor elementor-141\">\n\t\t\t\t\t\t\t\t\t<section class=\"elementor-section elementor-top-section elementor-element elementor-element-969e3a6 elementor-section-boxed elementor-section-height-default elementor-section-height-default\" data-id=\"969e3a6\" data-element_type=\"section\">\n\t\t\t\t\t\t<div class=\"elementor-container elementor-column-gap-default\">\n\t\t\t\t\t<div class=\"elementor-column elementor-col-100 elementor-top-column elementor-element elementor-element-ee46e2f\" data-id=\"ee46e2f\" data-element_type=\"column\">\n\t\t\t<div class=\"elementor-widget-wrap elementor-element-populated\">\n\t\t\t\t\t\t\t\t<div class=\"elementor-element elementor-element-55e8e36 elementor-widget elementor-widget-text-editor\" data-id=\"55e8e36\" data-element_type=\"widget\" data-widget_type=\"text-editor.default\">\n\t\t\t\t<div class=\"elementor-widget-container\">\n\t\t\t<style>\/*! elementor - v3.6.4 - 13-04-2022 *\/\n.elementor-widget-text-editor.elementor-drop-cap-view-stacked .elementor-drop-cap{background-color:#818a91;color:#fff}.elementor-widget-text-editor.elementor-drop-cap-view-framed .elementor-drop-cap{color:#818a91;border:3px solid;background-color:transparent}.elementor-widget-text-editor:not(.elementor-drop-cap-view-default) .elementor-drop-cap{margin-top:8px}.elementor-widget-text-editor:not(.elementor-drop-cap-view-default) .elementor-drop-cap-letter{width:1em;height:1em}.elementor-widget-text-editor .elementor-drop-cap{float:left;text-align:center;line-height:1;font-size:50px}.elementor-widget-text-editor .elementor-drop-cap-letter{display:inline-block}<\/style>\t\t\t\t<p><span style=\"text-decoration: underline;\">CONTACT PRESSE<\/span>\u00a0: <strong>Catherine Miallet<\/strong> \u2022\u00a0 31 rue du moulin 63220 Arlanc 04-73-95-00-71\u00a0 ou\u00a0 07-86-71-28-19 ou par<a href=\"jardinterre.arlanc@gmail.com\"> mail\u00a0<\/a><\/p><p><a href=\"https:\/\/arlanc.fr\/jardin-pour-la-terre\/wp-content\/uploads\/2025\/03\/CPOuverture-avec-compression.pdf\">CP WEEK END D&rsquo;OUVERTURE<\/a><\/p><p><a href=\"https:\/\/arlanc.fr\/jardin-pour-la-terre\/wp-content\/uploads\/2025\/03\/CP-Rendez-vous-au-jardin-compresse.pdf\">CP RENDEZ VOUS AU JARDIN<\/a><\/p><p>Facebook :\u00a0<a href=\"https:\/\/www.facebook.com\/jardinpourlaterre.arlanc\">https:\/\/www.facebook.com\/jardinpourlaterre.arlanc<\/a><\/p>\t\t\t\t\t\t<\/div>\n\t\t\t\t<\/div>\n\t\t\t\t\t<\/div>\n\t\t<\/div>\n\t\t\t\t\t\t\t<\/div>\n\t\t<\/section>\n\t\t\t\t<section class=\"elementor-section elementor-top-section elementor-element elementor-element-2df6e10 elementor-section-boxed elementor-section-height-default elementor-section-height-default\" data-id=\"2df6e10\" data-element_type=\"section\">\n\t\t\t\t\t\t<div class=\"elementor-container elementor-column-gap-default\">\n\t\t\t\t\t<div class=\"elementor-column elementor-col-100 elementor-top-column elementor-element elementor-element-cafe74a\" data-id=\"cafe74a\" data-element_type=\"column\">\n\t\t\t<div class=\"elementor-widget-wrap elementor-element-populated\">\n\t\t\t\t\t\t\t\t<div class=\"elementor-element elementor-element-0c53ac3 elementor-widget elementor-widget-image\" data-id=\"0c53ac3\" data-element_type=\"widget\" data-widget_type=\"image.default\">\n\t\t\t\t<div class=\"elementor-widget-container\">\n\t\t\t<style>\/*! elementor - v3.6.4 - 13-04-2022 *\/\n.elementor-widget-image{text-align:center}.elementor-widget-image a{display:inline-block}.elementor-widget-image a img[src$=\".svg\"]{width:48px}.elementor-widget-image img{vertical-align:middle;display:inline-block}<\/style>\t\t\t\t\t\t\t\t\t\t\t\t<img loading=\"lazy\" decoding=\"async\" width=\"724\" height=\"1024\" src=\"https:\/\/arlanc.fr\/jardin-pour-la-terre\/wp-content\/uploads\/2025\/03\/CP-OUVERTURE-REDUITE-724x1024.png\" class=\"attachment-large size-large\" alt=\"\" srcset=\"https:\/\/arlanc.fr\/jardin-pour-la-terre\/wp-content\/uploads\/2025\/03\/CP-OUVERTURE-REDUITE-724x1024.png 724w, https:\/\/arlanc.fr\/jardin-pour-la-terre\/wp-content\/uploads\/2025\/03\/CP-OUVERTURE-REDUITE-212x300.png 212w, https:\/\/arlanc.fr\/jardin-pour-la-terre\/wp-content\/uploads\/2025\/03\/CP-OUVERTURE-REDUITE-768x1086.png 768w, https:\/\/arlanc.fr\/jardin-pour-la-terre\/wp-content\/uploads\/2025\/03\/CP-OUVERTURE-REDUITE.png 1000w\" sizes=\"auto, (max-width: 724px) 100vw, 724px\" \/>\t\t\t\t\t\t\t\t\t\t\t\t\t\t\t<\/div>\n\t\t\t\t<\/div>\n\t\t\t\t\t<\/div>\n\t\t<\/div>\n\t\t\t\t\t\t\t<\/div>\n\t\t<\/section>\n\t\t\t\t<section class=\"elementor-section elementor-top-section elementor-element elementor-element-1ca2590 elementor-section-boxed elementor-section-height-default elementor-section-height-default\" data-id=\"1ca2590\" data-element_type=\"section\">\n\t\t\t\t\t\t<div class=\"elementor-container elementor-column-gap-default\">\n\t\t\t\t\t<div class=\"elementor-column elementor-col-100 elementor-top-column elementor-element elementor-element-b2feb68\" data-id=\"b2feb68\" data-element_type=\"column\">\n\t\t\t<div class=\"elementor-widget-wrap elementor-element-populated\">\n\t\t\t\t\t\t\t\t<div class=\"elementor-element elementor-element-beaa559 elementor-widget elementor-widget-image\" data-id=\"beaa559\" data-element_type=\"widget\" data-widget_type=\"image.default\">\n\t\t\t\t<div class=\"elementor-widget-container\">\n\t\t\t\t\t\t\t\t\t\t\t\t\t\t\t<img loading=\"lazy\" decoding=\"async\" width=\"724\" height=\"1024\" src=\"https:\/\/arlanc.fr\/jardin-pour-la-terre\/wp-content\/uploads\/2025\/03\/CP-9-JUIN-REDUITE-724x1024.png\" class=\"attachment-large size-large\" alt=\"\" srcset=\"https:\/\/arlanc.fr\/jardin-pour-la-terre\/wp-content\/uploads\/2025\/03\/CP-9-JUIN-REDUITE-724x1024.png 724w, https:\/\/arlanc.fr\/jardin-pour-la-terre\/wp-content\/uploads\/2025\/03\/CP-9-JUIN-REDUITE-212x300.png 212w, https:\/\/arlanc.fr\/jardin-pour-la-terre\/wp-content\/uploads\/2025\/03\/CP-9-JUIN-REDUITE-768x1086.png 768w, https:\/\/arlanc.fr\/jardin-pour-la-terre\/wp-content\/uploads\/2025\/03\/CP-9-JUIN-REDUITE.png 1000w\" sizes=\"auto, (max-width: 724px) 100vw, 724px\" \/>\t\t\t\t\t\t\t\t\t\t\t\t\t\t\t<\/div>\n\t\t\t\t<\/div>\n\t\t\t\t\t<\/div>\n\t\t<\/div>\n\t\t\t\t\t\t\t<\/div>\n\t\t<\/section>\n\t\t\t\t<section class=\"elementor-section elementor-top-section elementor-element elementor-element-86dbea6 elementor-section-boxed elementor-section-height-default elementor-section-height-default\" data-id=\"86dbea6\" data-element_type=\"section\">\n\t\t\t\t\t\t<div class=\"elementor-container elementor-column-gap-default\">\n\t\t\t\t\t<div class=\"elementor-column elementor-col-100 elementor-top-column elementor-element elementor-element-0dcd899\" data-id=\"0dcd899\" data-element_type=\"column\">\n\t\t\t<div class=\"elementor-widget-wrap elementor-element-populated\">\n\t\t\t\t\t\t\t\t<div class=\"elementor-element elementor-element-31f7183 elementor-widget elementor-widget-text-editor\" data-id=\"31f7183\" data-element_type=\"widget\" data-widget_type=\"text-editor.default\">\n\t\t\t\t<div class=\"elementor-widget-container\">\n\t\t\t\t\t\t\t<p><span style=\"text-decoration: underline;\">On parle de nous\u00a0 !<\/span><\/p><p><a href=\"http:\/\/&lt;iframe allowfullscreen width=100% height=140px src=&quot;https:\/\/www.rcf.fr\/actualite\/3-questions-a-auvergne\/embed?episodeId=392808&quot;&gt;&lt;\/iframe&gt;\" data-wplink-url-error=\"true\">3 questions \u00e0 .. RCF Radio<\/a><\/p><p><a href=\"https:\/\/www.facebook.com\/radiorva\/videos\/613075244107817\">Radio RVA<\/a><\/p><p><a href=\"https:\/\/www.france.tv\/france-3\/auvergne-rhone-alpes\/en-vadrouille-avec-loic-ballet\/4965142-arlanc.html\"><span style=\"text-decoration: underline;\">FR3 Auvergne \u00ab\u00a0En vadrouille\u00a0\u00bb<\/span><\/a><\/p><p><a href=\"https:\/\/www.francebleu.fr\/emissions\/cote-saveurs-en-balade\/pays-d-auvergne\">France bleu Pays d&rsquo;Auverg<\/a><a href=\"https:\/\/www.francebleu.fr\/emissions\/cote-saveurs-en-balade\/pays-d-auvergne.\">ne<\/a>\u00a0<\/p><p><a href=\"https:\/\/www.rcf.fr\/culture-et-societe\/linvite-du-1112?episode=371814\">RCF63- le tour du monde en 80 mn au jardin pour la terre<\/a><\/p><p><a href=\"https:\/\/www.lamontagne.fr\/arlanc-63220\/actualites\/vegetalisation-de-la-cour-de-lecole_14309802\/?fbclid=IwAR38-FnOsV5SQfDanPM-B0YN-_Nh8SvKy4fGerBNGlNRM2qVa5lgc-mHWDI\">La v\u00e9g\u00e9talisation de l&rsquo;\u00e9cole publique d&rsquo;Arlanc<\/a><\/p><p><a href=\"https:\/\/www.lamontagne.fr\/arlanc-63220\/loisirs\/le-jardin-pour-la-terre-a-arlanc-lance-sa-saison-lors-d-un-week-end-place-sous-le-signe-de-la-fete_14307566\/\"><span style=\"text-decoration: underline;\">La Montagne \u00e9dition du 11 mai 2023<\/span><\/a><\/p><p><a href=\"https:\/\/www.lamontagne.fr\/arlanc-63220\/actualites\/une-carte-du-monde-sur-6-hectares_14139836\/?fbclid=IwAR1wCs5stpcxMvXy-LZtxDtFKIol8jC6GCFPYSpiACcqfuTbqcI_e21Wxwc\">Une carte du monde sur 6 hectares\u00a0<\/a> \u00a0\u00a0<a href=\"https:\/\/www.lamontagne.fr\/arlanc-63220\/loisirs\/le-jardin-pour-la-terre-un-univers-a-part-entiere-anime-tout-l-ete-a-arlanc-puy-de-dome_14145348\/?fbclid=IwAR0RbCyzDYxYl_NFTn7jMB9xQqRwIaR1GI_ejhJzX__rnFB0yV4BICDKhPg\">Un univers \u00e0 part enti\u00e8re\u00a0<\/a> \u00a0<a href=\"https:\/\/www.lamontagne.fr\/arlanc-63220\/loisirs\/demonstrations-ateliers-marche-une-premiere-edition-de-la-fete-de-larbre-au-jardin-pour-la-terre-a-arlanc-puy-de-dome_14184343\/?fbclid=IwAR1Y16UtVqbX07eWUw2mZmJ43L2yAZSKBra-k4DzL1eKXbQ2gZv74tdsU8k\">La F\u00eate de l&rsquo;arbre<\/a><\/p>\t\t\t\t\t\t<\/div>\n\t\t\t\t<\/div>\n\t\t\t\t\t<\/div>\n\t\t<\/div>\n\t\t\t\t\t\t\t<\/div>\n\t\t<\/section>\n\t\t\t\t\t\t\t<\/div>\n\t\t","protected":false},"excerpt":{"rendered":"<p>CONTACT PRESSE\u00a0: Catherine Miallet \u2022\u00a0 31 rue du moulin 63220 Arlanc 04-73-95-00-71\u00a0 ou\u00a0 07-86-71-28-19 ou par mail\u00a0 CP WEEK END D&rsquo;OUVERTURE CP RENDEZ VOUS AU JARDIN Facebook :\u00a0https:\/\/www.facebook.com\/jardinpourlaterre.arlanc On parle de nous\u00a0 ! 3 questions \u00e0 .. RCF Radio Radio RVA FR3 Auvergne \u00ab\u00a0En vadrouille\u00a0\u00bb France bleu Pays d&rsquo;Auvergne\u00a0 RCF63- le tour du monde en [&hellip;]<\/p>\n","protected":false},"author":1,"featured_media":0,"parent":0,"menu_order":0,"comment_status":"closed","ping_status":"closed","template":"page-templates\/sidebar-left.php","meta":{"_price":"","_stock":"","_tribe_ticket_header":"","_tribe_default_ticket_provider":"","_tribe_ticket_capacity":"0","_ticket_start_date":"","_ticket_end_date":"","_tribe_ticket_show_description":"","_tribe_ticket_show_not_going":false,"_tribe_ticket_use_global_stock":"","_tribe_ticket_global_stock_level":"","_global_stock_mode":"","_global_stock_cap":"","_tribe_rsvp_for_event":"","_tribe_ticket_going_count":"","_tribe_ticket_not_going_count":"","_tribe_tickets_list":[],"_tribe_ticket_has_attendee_info_fields":false,"footnotes":""},"class_list":["post-141","page","type-page","status-publish","hentry"],"yoast_head":"<!-- This site is optimized with the Yoast SEO plugin v27.6 - https:\/\/yoast.com\/product\/yoast-seo-wordpress\/ -->\n<title>Presse - Le Jardin pour la Terre<\/title>\n<meta name=\"robots\" content=\"index, follow, max-snippet:-1, max-image-preview:large, max-video-preview:-1\" \/>\n<link rel=\"canonical\" href=\"https:\/\/arlanc.fr\/jardin-pour-la-terre\/presse\/\" \/>\n<meta property=\"og:locale\" content=\"fr_FR\" \/>\n<meta property=\"og:type\" content=\"article\" \/>\n<meta property=\"og:title\" content=\"Presse - Le Jardin pour la Terre\" \/>\n<meta property=\"og:description\" content=\"CONTACT PRESSE\u00a0: Catherine Miallet \u2022\u00a0 31 rue du moulin 63220 Arlanc 04-73-95-00-71\u00a0 ou\u00a0 07-86-71-28-19 ou par mail\u00a0 CP WEEK END D&rsquo;OUVERTURE CP RENDEZ VOUS AU JARDIN Facebook :\u00a0https:\/\/www.facebook.com\/jardinpourlaterre.arlanc On parle de nous\u00a0 ! 3 questions \u00e0 .. RCF Radio Radio RVA FR3 Auvergne \u00ab\u00a0En vadrouille\u00a0\u00bb France bleu Pays d&rsquo;Auvergne\u00a0 RCF63- le tour du monde en [&hellip;]\" \/>\n<meta property=\"og:url\" content=\"https:\/\/arlanc.fr\/jardin-pour-la-terre\/presse\/\" \/>\n<meta property=\"og:site_name\" content=\"Le Jardin pour la Terre\" \/>\n<meta property=\"article:modified_time\" content=\"2025-03-12T12:38:57+00:00\" \/>\n<meta property=\"og:image\" content=\"https:\/\/arlanc.fr\/jardin-pour-la-terre\/wp-content\/uploads\/2025\/03\/CP-OUVERTURE-REDUITE-724x1024.png\" \/>\n<meta name=\"twitter:card\" content=\"summary_large_image\" \/>\n<meta name=\"twitter:label1\" content=\"Dur\u00e9e de lecture estim\u00e9e\" \/>\n\t<meta name=\"twitter:data1\" content=\"1 minute\" \/>\n<script type=\"application\/ld+json\" class=\"yoast-schema-graph\">{\"@context\":\"https:\\\/\\\/schema.org\",\"@graph\":[{\"@type\":\"WebPage\",\"@id\":\"https:\\\/\\\/arlanc.fr\\\/jardin-pour-la-terre\\\/presse\\\/\",\"url\":\"https:\\\/\\\/arlanc.fr\\\/jardin-pour-la-terre\\\/presse\\\/\",\"name\":\"Presse - Le Jardin pour la Terre\",\"isPartOf\":{\"@id\":\"https:\\\/\\\/arlanc.fr\\\/jardin-pour-la-terre\\\/#website\"},\"primaryImageOfPage\":{\"@id\":\"https:\\\/\\\/arlanc.fr\\\/jardin-pour-la-terre\\\/presse\\\/#primaryimage\"},\"image\":{\"@id\":\"https:\\\/\\\/arlanc.fr\\\/jardin-pour-la-terre\\\/presse\\\/#primaryimage\"},\"thumbnailUrl\":\"https:\\\/\\\/arlanc.fr\\\/jardin-pour-la-terre\\\/wp-content\\\/uploads\\\/2025\\\/03\\\/CP-OUVERTURE-REDUITE-724x1024.png\",\"datePublished\":\"2022-04-13T18:09:49+00:00\",\"dateModified\":\"2025-03-12T12:38:57+00:00\",\"breadcrumb\":{\"@id\":\"https:\\\/\\\/arlanc.fr\\\/jardin-pour-la-terre\\\/presse\\\/#breadcrumb\"},\"inLanguage\":\"fr-FR\",\"potentialAction\":[{\"@type\":\"ReadAction\",\"target\":[\"https:\\\/\\\/arlanc.fr\\\/jardin-pour-la-terre\\\/presse\\\/\"]}]},{\"@type\":\"ImageObject\",\"inLanguage\":\"fr-FR\",\"@id\":\"https:\\\/\\\/arlanc.fr\\\/jardin-pour-la-terre\\\/presse\\\/#primaryimage\",\"url\":\"https:\\\/\\\/arlanc.fr\\\/jardin-pour-la-terre\\\/wp-content\\\/uploads\\\/2025\\\/03\\\/CP-OUVERTURE-REDUITE.png\",\"contentUrl\":\"https:\\\/\\\/arlanc.fr\\\/jardin-pour-la-terre\\\/wp-content\\\/uploads\\\/2025\\\/03\\\/CP-OUVERTURE-REDUITE.png\",\"width\":1000,\"height\":1414},{\"@type\":\"BreadcrumbList\",\"@id\":\"https:\\\/\\\/arlanc.fr\\\/jardin-pour-la-terre\\\/presse\\\/#breadcrumb\",\"itemListElement\":[{\"@type\":\"ListItem\",\"position\":1,\"name\":\"Accueil\",\"item\":\"https:\\\/\\\/arlanc.fr\\\/jardin-pour-la-terre\\\/\"},{\"@type\":\"ListItem\",\"position\":2,\"name\":\"Presse\"}]},{\"@type\":\"WebSite\",\"@id\":\"https:\\\/\\\/arlanc.fr\\\/jardin-pour-la-terre\\\/#website\",\"url\":\"https:\\\/\\\/arlanc.fr\\\/jardin-pour-la-terre\\\/\",\"name\":\"Le Jardin pour la Terre\",\"description\":\"Un site utilisant WordPress\",\"publisher\":{\"@id\":\"https:\\\/\\\/arlanc.fr\\\/jardin-pour-la-terre\\\/#organization\"},\"potentialAction\":[{\"@type\":\"SearchAction\",\"target\":{\"@type\":\"EntryPoint\",\"urlTemplate\":\"https:\\\/\\\/arlanc.fr\\\/jardin-pour-la-terre\\\/?s={search_term_string}\"},\"query-input\":{\"@type\":\"PropertyValueSpecification\",\"valueRequired\":true,\"valueName\":\"search_term_string\"}}],\"inLanguage\":\"fr-FR\"},{\"@type\":\"Organization\",\"@id\":\"https:\\\/\\\/arlanc.fr\\\/jardin-pour-la-terre\\\/#organization\",\"name\":\"Le Jardin pour la Terre\",\"url\":\"https:\\\/\\\/arlanc.fr\\\/jardin-pour-la-terre\\\/\",\"logo\":{\"@type\":\"ImageObject\",\"inLanguage\":\"fr-FR\",\"@id\":\"https:\\\/\\\/arlanc.fr\\\/jardin-pour-la-terre\\\/#\\\/schema\\\/logo\\\/image\\\/\",\"url\":\"https:\\\/\\\/arlanc.fr\\\/jardin-pour-la-terre\\\/wp-content\\\/uploads\\\/2022\\\/04\\\/unnamed.png\",\"contentUrl\":\"https:\\\/\\\/arlanc.fr\\\/jardin-pour-la-terre\\\/wp-content\\\/uploads\\\/2022\\\/04\\\/unnamed.png\",\"width\":160,\"height\":160,\"caption\":\"Le Jardin pour la Terre\"},\"image\":{\"@id\":\"https:\\\/\\\/arlanc.fr\\\/jardin-pour-la-terre\\\/#\\\/schema\\\/logo\\\/image\\\/\"}}]}<\/script>\n<!-- \/ Yoast SEO plugin. -->","yoast_head_json":{"title":"Presse - Le Jardin pour la Terre","robots":{"index":"index","follow":"follow","max-snippet":"max-snippet:-1","max-image-preview":"max-image-preview:large","max-video-preview":"max-video-preview:-1"},"canonical":"https:\/\/arlanc.fr\/jardin-pour-la-terre\/presse\/","og_locale":"fr_FR","og_type":"article","og_title":"Presse - Le Jardin pour la Terre","og_description":"CONTACT PRESSE\u00a0: Catherine Miallet \u2022\u00a0 31 rue du moulin 63220 Arlanc 04-73-95-00-71\u00a0 ou\u00a0 07-86-71-28-19 ou par mail\u00a0 CP WEEK END D&rsquo;OUVERTURE CP RENDEZ VOUS AU JARDIN Facebook :\u00a0https:\/\/www.facebook.com\/jardinpourlaterre.arlanc On parle de nous\u00a0 ! 3 questions \u00e0 .. RCF Radio Radio RVA FR3 Auvergne \u00ab\u00a0En vadrouille\u00a0\u00bb France bleu Pays d&rsquo;Auvergne\u00a0 RCF63- le tour du monde en [&hellip;]","og_url":"https:\/\/arlanc.fr\/jardin-pour-la-terre\/presse\/","og_site_name":"Le Jardin pour la Terre","article_modified_time":"2025-03-12T12:38:57+00:00","og_image":[{"url":"https:\/\/arlanc.fr\/jardin-pour-la-terre\/wp-content\/uploads\/2025\/03\/CP-OUVERTURE-REDUITE-724x1024.png","type":"","width":"","height":""}],"twitter_card":"summary_large_image","twitter_misc":{"Dur\u00e9e de lecture estim\u00e9e":"1 minute"},"schema":{"@context":"https:\/\/schema.org","@graph":[{"@type":"WebPage","@id":"https:\/\/arlanc.fr\/jardin-pour-la-terre\/presse\/","url":"https:\/\/arlanc.fr\/jardin-pour-la-terre\/presse\/","name":"Presse - Le Jardin pour la Terre","isPartOf":{"@id":"https:\/\/arlanc.fr\/jardin-pour-la-terre\/#website"},"primaryImageOfPage":{"@id":"https:\/\/arlanc.fr\/jardin-pour-la-terre\/presse\/#primaryimage"},"image":{"@id":"https:\/\/arlanc.fr\/jardin-pour-la-terre\/presse\/#primaryimage"},"thumbnailUrl":"https:\/\/arlanc.fr\/jardin-pour-la-terre\/wp-content\/uploads\/2025\/03\/CP-OUVERTURE-REDUITE-724x1024.png","datePublished":"2022-04-13T18:09:49+00:00","dateModified":"2025-03-12T12:38:57+00:00","breadcrumb":{"@id":"https:\/\/arlanc.fr\/jardin-pour-la-terre\/presse\/#breadcrumb"},"inLanguage":"fr-FR","potentialAction":[{"@type":"ReadAction","target":["https:\/\/arlanc.fr\/jardin-pour-la-terre\/presse\/"]}]},{"@type":"ImageObject","inLanguage":"fr-FR","@id":"https:\/\/arlanc.fr\/jardin-pour-la-terre\/presse\/#primaryimage","url":"https:\/\/arlanc.fr\/jardin-pour-la-terre\/wp-content\/uploads\/2025\/03\/CP-OUVERTURE-REDUITE.png","contentUrl":"https:\/\/arlanc.fr\/jardin-pour-la-terre\/wp-content\/uploads\/2025\/03\/CP-OUVERTURE-REDUITE.png","width":1000,"height":1414},{"@type":"BreadcrumbList","@id":"https:\/\/arlanc.fr\/jardin-pour-la-terre\/presse\/#breadcrumb","itemListElement":[{"@type":"ListItem","position":1,"name":"Accueil","item":"https:\/\/arlanc.fr\/jardin-pour-la-terre\/"},{"@type":"ListItem","position":2,"name":"Presse"}]},{"@type":"WebSite","@id":"https:\/\/arlanc.fr\/jardin-pour-la-terre\/#website","url":"https:\/\/arlanc.fr\/jardin-pour-la-terre\/","name":"Le Jardin pour la Terre","description":"Un site utilisant WordPress","publisher":{"@id":"https:\/\/arlanc.fr\/jardin-pour-la-terre\/#organization"},"potentialAction":[{"@type":"SearchAction","target":{"@type":"EntryPoint","urlTemplate":"https:\/\/arlanc.fr\/jardin-pour-la-terre\/?s={search_term_string}"},"query-input":{"@type":"PropertyValueSpecification","valueRequired":true,"valueName":"search_term_string"}}],"inLanguage":"fr-FR"},{"@type":"Organization","@id":"https:\/\/arlanc.fr\/jardin-pour-la-terre\/#organization","name":"Le Jardin pour la Terre","url":"https:\/\/arlanc.fr\/jardin-pour-la-terre\/","logo":{"@type":"ImageObject","inLanguage":"fr-FR","@id":"https:\/\/arlanc.fr\/jardin-pour-la-terre\/#\/schema\/logo\/image\/","url":"https:\/\/arlanc.fr\/jardin-pour-la-terre\/wp-content\/uploads\/2022\/04\/unnamed.png","contentUrl":"https:\/\/arlanc.fr\/jardin-pour-la-terre\/wp-content\/uploads\/2022\/04\/unnamed.png","width":160,"height":160,"caption":"Le Jardin pour la Terre"},"image":{"@id":"https:\/\/arlanc.fr\/jardin-pour-la-terre\/#\/schema\/logo\/image\/"}}]}},"ticketed":false,"_links":{"self":[{"href":"https:\/\/arlanc.fr\/jardin-pour-la-terre\/wp-json\/wp\/v2\/pages\/141","targetHints":{"allow":["GET"]}}],"collection":[{"href":"https:\/\/arlanc.fr\/jardin-pour-la-terre\/wp-json\/wp\/v2\/pages"}],"about":[{"href":"https:\/\/arlanc.fr\/jardin-pour-la-terre\/wp-json\/wp\/v2\/types\/page"}],"author":[{"embeddable":true,"href":"https:\/\/arlanc.fr\/jardin-pour-la-terre\/wp-json\/wp\/v2\/users\/1"}],"replies":[{"embeddable":true,"href":"https:\/\/arlanc.fr\/jardin-pour-la-terre\/wp-json\/wp\/v2\/comments?post=141"}],"version-history":[{"count":217,"href":"https:\/\/arlanc.fr\/jardin-pour-la-terre\/wp-json\/wp\/v2\/pages\/141\/revisions"}],"predecessor-version":[{"id":3071,"href":"https:\/\/arlanc.fr\/jardin-pour-la-terre\/wp-json\/wp\/v2\/pages\/141\/revisions\/3071"}],"wp:attachment":[{"href":"https:\/\/arlanc.fr\/jardin-pour-la-terre\/wp-json\/wp\/v2\/media?parent=141"}],"curies":[{"name":"wp","href":"https:\/\/api.w.org\/{rel}","templated":true}]}}