{"id":131,"date":"2022-04-13T20:08:16","date_gmt":"2022-04-13T18:08:16","guid":{"rendered":"http:\/\/arlanc.dbegon.fr\/jardin-pour-la-terre\/?page_id=131"},"modified":"2026-02-10T12:19:40","modified_gmt":"2026-02-10T11:19:40","slug":"balades-decouvertes-et-surprises","status":"publish","type":"page","link":"https:\/\/arlanc.fr\/jardin-pour-la-terre\/balades-decouvertes-et-surprises\/","title":{"rendered":"Balades d\u00e9couvertes et surprises"},"content":{"rendered":"\t\t<div data-elementor-type=\"wp-page\" data-elementor-id=\"131\" class=\"elementor elementor-131\">\n\t\t\t\t\t\t\t\t\t<section class=\"elementor-section elementor-top-section elementor-element elementor-element-c6ec686 elementor-section-boxed elementor-section-height-default elementor-section-height-default\" data-id=\"c6ec686\" data-element_type=\"section\">\n\t\t\t\t\t\t<div class=\"elementor-container elementor-column-gap-default\">\n\t\t\t\t\t<div class=\"elementor-column elementor-col-50 elementor-top-column elementor-element elementor-element-304fdd9\" data-id=\"304fdd9\" data-element_type=\"column\">\n\t\t\t<div class=\"elementor-widget-wrap elementor-element-populated\">\n\t\t\t\t\t\t\t\t<div class=\"elementor-element elementor-element-7aa2435 elementor-widget elementor-widget-text-editor\" data-id=\"7aa2435\" data-element_type=\"widget\" data-widget_type=\"text-editor.default\">\n\t\t\t\t<div class=\"elementor-widget-container\">\n\t\t\t<style>\/*! elementor - v3.6.4 - 13-04-2022 *\/\n.elementor-widget-text-editor.elementor-drop-cap-view-stacked .elementor-drop-cap{background-color:#818a91;color:#fff}.elementor-widget-text-editor.elementor-drop-cap-view-framed .elementor-drop-cap{color:#818a91;border:3px solid;background-color:transparent}.elementor-widget-text-editor:not(.elementor-drop-cap-view-default) .elementor-drop-cap{margin-top:8px}.elementor-widget-text-editor:not(.elementor-drop-cap-view-default) .elementor-drop-cap-letter{width:1em;height:1em}.elementor-widget-text-editor .elementor-drop-cap{float:left;text-align:center;line-height:1;font-size:50px}.elementor-widget-text-editor .elementor-drop-cap-letter{display:inline-block}<\/style>\t\t\t\t<p><strong><u>TOUS LES LUNDIS\u00a0<\/u><\/strong><strong><u>DU 13 JUILLET AU 17 AOUT INCLUS\u00a0 15H<\/u><\/strong><\/p><p><strong>Le tour du monde en 90 minutes !<\/strong><\/p><p>St\u00e9fanie, vous parle de botanique, d\u2019environnement, de vertus m\u00e9dicinales et culinaires, de biologie et d\u2019histoire. Elle vous livre aussi secrets et anecdotes autour des plantes rencontr\u00e9es.<\/p><p>Un voyage sensoriel et instructif, o\u00f9 le monde s\u2019offre \u00e0 vous en 90 minutes. Une exp\u00e9rience unique pour comprendre la plan\u00e8te \u00e0 travers ses plantes.<\/p><p>Pr\u00eat \u00e0 faire le tour du monde sans quitter le jardin ? Laissez-vous guider !<\/p><p><strong><em>Adultes only<\/em><\/strong><em>&#8211; <\/em><em>10\u20ac avec entr\u00e9e du jardin-<\/em><\/p>\t\t\t\t\t\t<\/div>\n\t\t\t\t<\/div>\n\t\t\t\t\t<\/div>\n\t\t<\/div>\n\t\t\t\t<div class=\"elementor-column elementor-col-50 elementor-top-column elementor-element elementor-element-8a2650f\" data-id=\"8a2650f\" data-element_type=\"column\">\n\t\t\t<div class=\"elementor-widget-wrap elementor-element-populated\">\n\t\t\t\t\t\t\t\t<div class=\"elementor-element elementor-element-529ff27 elementor-widget elementor-widget-text-editor\" data-id=\"529ff27\" data-element_type=\"widget\" data-widget_type=\"text-editor.default\">\n\t\t\t\t<div class=\"elementor-widget-container\">\n\t\t\t\t\t\t\t<p><strong><u>TOUS LES DIMANCHES DU 19 JUILLET AU 16 AOUT INCLUS\u00a0 15H<\/u><\/strong><\/p><p><strong><u>La visite du Jardin pour les familles.<\/u><\/strong><\/p><p>C\u2019est une visite ludique et interactive con\u00e7ue pour les familles afin que les enfants eux aussi puissent d\u00e9couvrir le jardin. On goute, on sent, on touche, on s\u2019amuse dans les arbres, et parfois, on s\u2019assoie pour \u00e9couter une histoire.<\/p><p><em><strong>A partir de 4 ans<\/strong>&#8211; 8\u20ac avec entr\u00e9e du jardin<\/em><\/p>\t\t\t\t\t\t<\/div>\n\t\t\t\t<\/div>\n\t\t\t\t\t<\/div>\n\t\t<\/div>\n\t\t\t\t\t\t\t<\/div>\n\t\t<\/section>\n\t\t\t\t<section class=\"elementor-section elementor-top-section elementor-element elementor-element-a41b980 elementor-section-boxed elementor-section-height-default elementor-section-height-default\" data-id=\"a41b980\" data-element_type=\"section\">\n\t\t\t\t\t\t<div class=\"elementor-container elementor-column-gap-default\">\n\t\t\t\t\t<div class=\"elementor-column elementor-col-50 elementor-top-column elementor-element elementor-element-2ed0419\" data-id=\"2ed0419\" data-element_type=\"column\">\n\t\t\t<div class=\"elementor-widget-wrap elementor-element-populated\">\n\t\t\t\t\t\t\t\t<div class=\"elementor-element elementor-element-abab875 elementor-widget elementor-widget-image\" data-id=\"abab875\" data-element_type=\"widget\" data-widget_type=\"image.default\">\n\t\t\t\t<div class=\"elementor-widget-container\">\n\t\t\t<style>\/*! elementor - v3.6.4 - 13-04-2022 *\/\n.elementor-widget-image{text-align:center}.elementor-widget-image a{display:inline-block}.elementor-widget-image a img[src$=\".svg\"]{width:48px}.elementor-widget-image img{vertical-align:middle;display:inline-block}<\/style>\t\t\t\t\t\t\t\t\t\t\t\t<img loading=\"lazy\" decoding=\"async\" width=\"960\" height=\"640\" src=\"https:\/\/arlanc.fr\/jardin-pour-la-terre\/wp-content\/uploads\/2022\/04\/IMG_4968.jpg\" class=\"attachment-large size-large\" alt=\"\" srcset=\"https:\/\/arlanc.fr\/jardin-pour-la-terre\/wp-content\/uploads\/2022\/04\/IMG_4968.jpg 960w, https:\/\/arlanc.fr\/jardin-pour-la-terre\/wp-content\/uploads\/2022\/04\/IMG_4968-300x200.jpg 300w, https:\/\/arlanc.fr\/jardin-pour-la-terre\/wp-content\/uploads\/2022\/04\/IMG_4968-768x512.jpg 768w\" sizes=\"auto, (max-width: 960px) 100vw, 960px\" \/>\t\t\t\t\t\t\t\t\t\t\t\t\t\t\t<\/div>\n\t\t\t\t<\/div>\n\t\t\t\t\t<\/div>\n\t\t<\/div>\n\t\t\t\t<div class=\"elementor-column elementor-col-50 elementor-top-column elementor-element elementor-element-d0051cb\" data-id=\"d0051cb\" data-element_type=\"column\">\n\t\t\t<div class=\"elementor-widget-wrap elementor-element-populated\">\n\t\t\t\t\t\t\t\t<div class=\"elementor-element elementor-element-75a58eb elementor-widget elementor-widget-image\" data-id=\"75a58eb\" data-element_type=\"widget\" data-widget_type=\"image.default\">\n\t\t\t\t<div class=\"elementor-widget-container\">\n\t\t\t\t\t\t\t\t\t\t\t\t\t\t\t<img loading=\"lazy\" decoding=\"async\" width=\"960\" height=\"640\" src=\"https:\/\/arlanc.fr\/jardin-pour-la-terre\/wp-content\/uploads\/2022\/04\/IMG_4971.jpg\" class=\"attachment-large size-large\" alt=\"\" srcset=\"https:\/\/arlanc.fr\/jardin-pour-la-terre\/wp-content\/uploads\/2022\/04\/IMG_4971.jpg 960w, https:\/\/arlanc.fr\/jardin-pour-la-terre\/wp-content\/uploads\/2022\/04\/IMG_4971-300x200.jpg 300w, https:\/\/arlanc.fr\/jardin-pour-la-terre\/wp-content\/uploads\/2022\/04\/IMG_4971-768x512.jpg 768w\" sizes=\"auto, (max-width: 960px) 100vw, 960px\" \/>\t\t\t\t\t\t\t\t\t\t\t\t\t\t\t<\/div>\n\t\t\t\t<\/div>\n\t\t\t\t\t<\/div>\n\t\t<\/div>\n\t\t\t\t\t\t\t<\/div>\n\t\t<\/section>\n\t\t\t\t\t\t\t<\/div>\n\t\t","protected":false},"excerpt":{"rendered":"<p>TOUS LES LUNDIS\u00a0DU 13 JUILLET AU 17 AOUT INCLUS\u00a0 15H Le tour du monde en 90 minutes ! St\u00e9fanie, vous parle de botanique, d\u2019environnement, de vertus m\u00e9dicinales et culinaires, de biologie et d\u2019histoire. Elle vous livre aussi secrets et anecdotes autour des plantes rencontr\u00e9es. Un voyage sensoriel et instructif, o\u00f9 le monde s\u2019offre \u00e0 vous [&hellip;]<\/p>\n","protected":false},"author":1,"featured_media":0,"parent":0,"menu_order":0,"comment_status":"closed","ping_status":"closed","template":"page-templates\/sidebar-left.php","meta":{"_price":"","_stock":"","_tribe_ticket_header":"","_tribe_default_ticket_provider":"","_tribe_ticket_capacity":"0","_ticket_start_date":"","_ticket_end_date":"","_tribe_ticket_show_description":"","_tribe_ticket_show_not_going":false,"_tribe_ticket_use_global_stock":"","_tribe_ticket_global_stock_level":"","_global_stock_mode":"","_global_stock_cap":"","_tribe_rsvp_for_event":"","_tribe_ticket_going_count":"","_tribe_ticket_not_going_count":"","_tribe_tickets_list":[],"_tribe_ticket_has_attendee_info_fields":false,"footnotes":""},"class_list":["post-131","page","type-page","status-publish","hentry"],"yoast_head":"<!-- This site is optimized with the Yoast SEO plugin v27.3 - https:\/\/yoast.com\/product\/yoast-seo-wordpress\/ -->\n<title>Balades d\u00e9couvertes et surprises - Le Jardin pour la Terre<\/title>\n<meta name=\"description\" content=\"BALADES, D\u00c9COUVERTES ET SURPRISESUn m\u00eame jardin, mille fa\u00e7on de le traverser pour apprendre et r\u00eaver s&#039;amuser et prot\u00e9ger, observer et savourer \u2026 Laissez vous guider !\" \/>\n<meta name=\"robots\" content=\"index, follow, max-snippet:-1, max-image-preview:large, max-video-preview:-1\" \/>\n<link rel=\"canonical\" href=\"https:\/\/arlanc.fr\/jardin-pour-la-terre\/balades-decouvertes-et-surprises\/\" \/>\n<meta property=\"og:locale\" content=\"fr_FR\" \/>\n<meta property=\"og:type\" content=\"article\" \/>\n<meta property=\"og:title\" content=\"Balades d\u00e9couvertes et surprises - Le Jardin pour la Terre\" \/>\n<meta property=\"og:description\" content=\"BALADES, D\u00c9COUVERTES ET SURPRISESUn m\u00eame jardin, mille fa\u00e7on de le traverser pour apprendre et r\u00eaver s&#039;amuser et prot\u00e9ger, observer et savourer \u2026 Laissez vous guider !\" \/>\n<meta property=\"og:url\" content=\"https:\/\/arlanc.fr\/jardin-pour-la-terre\/balades-decouvertes-et-surprises\/\" \/>\n<meta property=\"og:site_name\" content=\"Le Jardin pour la Terre\" \/>\n<meta property=\"article:modified_time\" content=\"2026-02-10T11:19:40+00:00\" \/>\n<meta property=\"og:image\" content=\"https:\/\/arlanc.fr\/jardin-pour-la-terre\/wp-content\/uploads\/2022\/04\/IMG_4968.jpg\" \/>\n<meta name=\"twitter:card\" content=\"summary_large_image\" \/>\n<meta name=\"twitter:label1\" content=\"Dur\u00e9e de lecture estim\u00e9e\" \/>\n\t<meta name=\"twitter:data1\" content=\"2 minutes\" \/>\n<script type=\"application\/ld+json\" class=\"yoast-schema-graph\">{\"@context\":\"https:\\\/\\\/schema.org\",\"@graph\":[{\"@type\":\"WebPage\",\"@id\":\"https:\\\/\\\/arlanc.fr\\\/jardin-pour-la-terre\\\/balades-decouvertes-et-surprises\\\/\",\"url\":\"https:\\\/\\\/arlanc.fr\\\/jardin-pour-la-terre\\\/balades-decouvertes-et-surprises\\\/\",\"name\":\"Balades d\u00e9couvertes et surprises - Le Jardin pour la Terre\",\"isPartOf\":{\"@id\":\"https:\\\/\\\/arlanc.fr\\\/jardin-pour-la-terre\\\/#website\"},\"primaryImageOfPage\":{\"@id\":\"https:\\\/\\\/arlanc.fr\\\/jardin-pour-la-terre\\\/balades-decouvertes-et-surprises\\\/#primaryimage\"},\"image\":{\"@id\":\"https:\\\/\\\/arlanc.fr\\\/jardin-pour-la-terre\\\/balades-decouvertes-et-surprises\\\/#primaryimage\"},\"thumbnailUrl\":\"https:\\\/\\\/arlanc.fr\\\/jardin-pour-la-terre\\\/wp-content\\\/uploads\\\/2022\\\/04\\\/IMG_4968.jpg\",\"datePublished\":\"2022-04-13T18:08:16+00:00\",\"dateModified\":\"2026-02-10T11:19:40+00:00\",\"description\":\"BALADES, D\u00c9COUVERTES ET SURPRISESUn m\u00eame jardin, mille fa\u00e7on de le traverser pour apprendre et r\u00eaver s'amuser et prot\u00e9ger, observer et savourer \u2026 Laissez vous guider !\",\"breadcrumb\":{\"@id\":\"https:\\\/\\\/arlanc.fr\\\/jardin-pour-la-terre\\\/balades-decouvertes-et-surprises\\\/#breadcrumb\"},\"inLanguage\":\"fr-FR\",\"potentialAction\":[{\"@type\":\"ReadAction\",\"target\":[\"https:\\\/\\\/arlanc.fr\\\/jardin-pour-la-terre\\\/balades-decouvertes-et-surprises\\\/\"]}]},{\"@type\":\"ImageObject\",\"inLanguage\":\"fr-FR\",\"@id\":\"https:\\\/\\\/arlanc.fr\\\/jardin-pour-la-terre\\\/balades-decouvertes-et-surprises\\\/#primaryimage\",\"url\":\"https:\\\/\\\/arlanc.fr\\\/jardin-pour-la-terre\\\/wp-content\\\/uploads\\\/2022\\\/04\\\/IMG_4968.jpg\",\"contentUrl\":\"https:\\\/\\\/arlanc.fr\\\/jardin-pour-la-terre\\\/wp-content\\\/uploads\\\/2022\\\/04\\\/IMG_4968.jpg\",\"width\":960,\"height\":640},{\"@type\":\"BreadcrumbList\",\"@id\":\"https:\\\/\\\/arlanc.fr\\\/jardin-pour-la-terre\\\/balades-decouvertes-et-surprises\\\/#breadcrumb\",\"itemListElement\":[{\"@type\":\"ListItem\",\"position\":1,\"name\":\"Accueil\",\"item\":\"https:\\\/\\\/arlanc.fr\\\/jardin-pour-la-terre\\\/\"},{\"@type\":\"ListItem\",\"position\":2,\"name\":\"Balades d\u00e9couvertes et surprises\"}]},{\"@type\":\"WebSite\",\"@id\":\"https:\\\/\\\/arlanc.fr\\\/jardin-pour-la-terre\\\/#website\",\"url\":\"https:\\\/\\\/arlanc.fr\\\/jardin-pour-la-terre\\\/\",\"name\":\"Le Jardin pour la Terre\",\"description\":\"Un site utilisant WordPress\",\"publisher\":{\"@id\":\"https:\\\/\\\/arlanc.fr\\\/jardin-pour-la-terre\\\/#organization\"},\"potentialAction\":[{\"@type\":\"SearchAction\",\"target\":{\"@type\":\"EntryPoint\",\"urlTemplate\":\"https:\\\/\\\/arlanc.fr\\\/jardin-pour-la-terre\\\/?s={search_term_string}\"},\"query-input\":{\"@type\":\"PropertyValueSpecification\",\"valueRequired\":true,\"valueName\":\"search_term_string\"}}],\"inLanguage\":\"fr-FR\"},{\"@type\":\"Organization\",\"@id\":\"https:\\\/\\\/arlanc.fr\\\/jardin-pour-la-terre\\\/#organization\",\"name\":\"Le Jardin pour la Terre\",\"url\":\"https:\\\/\\\/arlanc.fr\\\/jardin-pour-la-terre\\\/\",\"logo\":{\"@type\":\"ImageObject\",\"inLanguage\":\"fr-FR\",\"@id\":\"https:\\\/\\\/arlanc.fr\\\/jardin-pour-la-terre\\\/#\\\/schema\\\/logo\\\/image\\\/\",\"url\":\"https:\\\/\\\/arlanc.fr\\\/jardin-pour-la-terre\\\/wp-content\\\/uploads\\\/2022\\\/04\\\/unnamed.png\",\"contentUrl\":\"https:\\\/\\\/arlanc.fr\\\/jardin-pour-la-terre\\\/wp-content\\\/uploads\\\/2022\\\/04\\\/unnamed.png\",\"width\":160,\"height\":160,\"caption\":\"Le Jardin pour la Terre\"},\"image\":{\"@id\":\"https:\\\/\\\/arlanc.fr\\\/jardin-pour-la-terre\\\/#\\\/schema\\\/logo\\\/image\\\/\"}}]}<\/script>\n<!-- \/ Yoast SEO plugin. -->","yoast_head_json":{"title":"Balades d\u00e9couvertes et surprises - Le Jardin pour la Terre","description":"BALADES, D\u00c9COUVERTES ET SURPRISESUn m\u00eame jardin, mille fa\u00e7on de le traverser pour apprendre et r\u00eaver s'amuser et prot\u00e9ger, observer et savourer \u2026 Laissez vous guider !","robots":{"index":"index","follow":"follow","max-snippet":"max-snippet:-1","max-image-preview":"max-image-preview:large","max-video-preview":"max-video-preview:-1"},"canonical":"https:\/\/arlanc.fr\/jardin-pour-la-terre\/balades-decouvertes-et-surprises\/","og_locale":"fr_FR","og_type":"article","og_title":"Balades d\u00e9couvertes et surprises - Le Jardin pour la Terre","og_description":"BALADES, D\u00c9COUVERTES ET SURPRISESUn m\u00eame jardin, mille fa\u00e7on de le traverser pour apprendre et r\u00eaver s'amuser et prot\u00e9ger, observer et savourer \u2026 Laissez vous guider !","og_url":"https:\/\/arlanc.fr\/jardin-pour-la-terre\/balades-decouvertes-et-surprises\/","og_site_name":"Le Jardin pour la Terre","article_modified_time":"2026-02-10T11:19:40+00:00","og_image":[{"url":"https:\/\/arlanc.fr\/jardin-pour-la-terre\/wp-content\/uploads\/2022\/04\/IMG_4968.jpg","type":"","width":"","height":""}],"twitter_card":"summary_large_image","twitter_misc":{"Dur\u00e9e de lecture estim\u00e9e":"2 minutes"},"schema":{"@context":"https:\/\/schema.org","@graph":[{"@type":"WebPage","@id":"https:\/\/arlanc.fr\/jardin-pour-la-terre\/balades-decouvertes-et-surprises\/","url":"https:\/\/arlanc.fr\/jardin-pour-la-terre\/balades-decouvertes-et-surprises\/","name":"Balades d\u00e9couvertes et surprises - Le Jardin pour la Terre","isPartOf":{"@id":"https:\/\/arlanc.fr\/jardin-pour-la-terre\/#website"},"primaryImageOfPage":{"@id":"https:\/\/arlanc.fr\/jardin-pour-la-terre\/balades-decouvertes-et-surprises\/#primaryimage"},"image":{"@id":"https:\/\/arlanc.fr\/jardin-pour-la-terre\/balades-decouvertes-et-surprises\/#primaryimage"},"thumbnailUrl":"https:\/\/arlanc.fr\/jardin-pour-la-terre\/wp-content\/uploads\/2022\/04\/IMG_4968.jpg","datePublished":"2022-04-13T18:08:16+00:00","dateModified":"2026-02-10T11:19:40+00:00","description":"BALADES, D\u00c9COUVERTES ET SURPRISESUn m\u00eame jardin, mille fa\u00e7on de le traverser pour apprendre et r\u00eaver s'amuser et prot\u00e9ger, observer et savourer \u2026 Laissez vous guider !","breadcrumb":{"@id":"https:\/\/arlanc.fr\/jardin-pour-la-terre\/balades-decouvertes-et-surprises\/#breadcrumb"},"inLanguage":"fr-FR","potentialAction":[{"@type":"ReadAction","target":["https:\/\/arlanc.fr\/jardin-pour-la-terre\/balades-decouvertes-et-surprises\/"]}]},{"@type":"ImageObject","inLanguage":"fr-FR","@id":"https:\/\/arlanc.fr\/jardin-pour-la-terre\/balades-decouvertes-et-surprises\/#primaryimage","url":"https:\/\/arlanc.fr\/jardin-pour-la-terre\/wp-content\/uploads\/2022\/04\/IMG_4968.jpg","contentUrl":"https:\/\/arlanc.fr\/jardin-pour-la-terre\/wp-content\/uploads\/2022\/04\/IMG_4968.jpg","width":960,"height":640},{"@type":"BreadcrumbList","@id":"https:\/\/arlanc.fr\/jardin-pour-la-terre\/balades-decouvertes-et-surprises\/#breadcrumb","itemListElement":[{"@type":"ListItem","position":1,"name":"Accueil","item":"https:\/\/arlanc.fr\/jardin-pour-la-terre\/"},{"@type":"ListItem","position":2,"name":"Balades d\u00e9couvertes et surprises"}]},{"@type":"WebSite","@id":"https:\/\/arlanc.fr\/jardin-pour-la-terre\/#website","url":"https:\/\/arlanc.fr\/jardin-pour-la-terre\/","name":"Le Jardin pour la Terre","description":"Un site utilisant WordPress","publisher":{"@id":"https:\/\/arlanc.fr\/jardin-pour-la-terre\/#organization"},"potentialAction":[{"@type":"SearchAction","target":{"@type":"EntryPoint","urlTemplate":"https:\/\/arlanc.fr\/jardin-pour-la-terre\/?s={search_term_string}"},"query-input":{"@type":"PropertyValueSpecification","valueRequired":true,"valueName":"search_term_string"}}],"inLanguage":"fr-FR"},{"@type":"Organization","@id":"https:\/\/arlanc.fr\/jardin-pour-la-terre\/#organization","name":"Le Jardin pour la Terre","url":"https:\/\/arlanc.fr\/jardin-pour-la-terre\/","logo":{"@type":"ImageObject","inLanguage":"fr-FR","@id":"https:\/\/arlanc.fr\/jardin-pour-la-terre\/#\/schema\/logo\/image\/","url":"https:\/\/arlanc.fr\/jardin-pour-la-terre\/wp-content\/uploads\/2022\/04\/unnamed.png","contentUrl":"https:\/\/arlanc.fr\/jardin-pour-la-terre\/wp-content\/uploads\/2022\/04\/unnamed.png","width":160,"height":160,"caption":"Le Jardin pour la Terre"},"image":{"@id":"https:\/\/arlanc.fr\/jardin-pour-la-terre\/#\/schema\/logo\/image\/"}}]}},"ticketed":false,"_links":{"self":[{"href":"https:\/\/arlanc.fr\/jardin-pour-la-terre\/wp-json\/wp\/v2\/pages\/131","targetHints":{"allow":["GET"]}}],"collection":[{"href":"https:\/\/arlanc.fr\/jardin-pour-la-terre\/wp-json\/wp\/v2\/pages"}],"about":[{"href":"https:\/\/arlanc.fr\/jardin-pour-la-terre\/wp-json\/wp\/v2\/types\/page"}],"author":[{"embeddable":true,"href":"https:\/\/arlanc.fr\/jardin-pour-la-terre\/wp-json\/wp\/v2\/users\/1"}],"replies":[{"embeddable":true,"href":"https:\/\/arlanc.fr\/jardin-pour-la-terre\/wp-json\/wp\/v2\/comments?post=131"}],"version-history":[{"count":75,"href":"https:\/\/arlanc.fr\/jardin-pour-la-terre\/wp-json\/wp\/v2\/pages\/131\/revisions"}],"predecessor-version":[{"id":3267,"href":"https:\/\/arlanc.fr\/jardin-pour-la-terre\/wp-json\/wp\/v2\/pages\/131\/revisions\/3267"}],"wp:attachment":[{"href":"https:\/\/arlanc.fr\/jardin-pour-la-terre\/wp-json\/wp\/v2\/media?parent=131"}],"curies":[{"name":"wp","href":"https:\/\/api.w.org\/{rel}","templated":true}]}}