{"id":1063,"date":"2023-02-20T09:44:39","date_gmt":"2023-02-20T08:44:39","guid":{"rendered":"https:\/\/arlanc.fr\/jardin-pour-la-terre\/?page_id=1063"},"modified":"2024-06-25T13:54:26","modified_gmt":"2024-06-25T11:54:26","slug":"seminaire","status":"publish","type":"page","link":"https:\/\/arlanc.fr\/jardin-pour-la-terre\/seminaire\/","title":{"rendered":"S\u00e9minaires du dehors"},"content":{"rendered":"\t\t<div data-elementor-type=\"wp-page\" data-elementor-id=\"1063\" class=\"elementor elementor-1063\">\n\t\t\t\t\t\t\t\t\t<section class=\"elementor-section elementor-top-section elementor-element elementor-element-7d22613 elementor-section-boxed elementor-section-height-default elementor-section-height-default\" data-id=\"7d22613\" data-element_type=\"section\">\n\t\t\t\t\t\t<div class=\"elementor-container elementor-column-gap-default\">\n\t\t\t\t\t<div class=\"elementor-column elementor-col-50 elementor-top-column elementor-element elementor-element-2104e2e\" data-id=\"2104e2e\" data-element_type=\"column\">\n\t\t\t<div class=\"elementor-widget-wrap elementor-element-populated\">\n\t\t\t\t\t\t\t\t<div class=\"elementor-element elementor-element-dc0698f elementor-widget elementor-widget-image\" data-id=\"dc0698f\" data-element_type=\"widget\" data-widget_type=\"image.default\">\n\t\t\t\t<div class=\"elementor-widget-container\">\n\t\t\t<style>\/*! elementor - v3.6.4 - 13-04-2022 *\/\n.elementor-widget-image{text-align:center}.elementor-widget-image a{display:inline-block}.elementor-widget-image a img[src$=\".svg\"]{width:48px}.elementor-widget-image img{vertical-align:middle;display:inline-block}<\/style>\t\t\t\t\t\t\t\t\t\t\t\t<img loading=\"lazy\" decoding=\"async\" width=\"1024\" height=\"683\" src=\"https:\/\/arlanc.fr\/jardin-pour-la-terre\/wp-content\/uploads\/2024\/06\/IMG_8774-version-web-1024x683.jpg\" class=\"attachment-large size-large\" alt=\"\" srcset=\"https:\/\/arlanc.fr\/jardin-pour-la-terre\/wp-content\/uploads\/2024\/06\/IMG_8774-version-web-1024x683.jpg 1024w, https:\/\/arlanc.fr\/jardin-pour-la-terre\/wp-content\/uploads\/2024\/06\/IMG_8774-version-web-300x200.jpg 300w, https:\/\/arlanc.fr\/jardin-pour-la-terre\/wp-content\/uploads\/2024\/06\/IMG_8774-version-web-768x512.jpg 768w, https:\/\/arlanc.fr\/jardin-pour-la-terre\/wp-content\/uploads\/2024\/06\/IMG_8774-version-web.jpg 1200w\" sizes=\"auto, (max-width: 1024px) 100vw, 1024px\" \/>\t\t\t\t\t\t\t\t\t\t\t\t\t\t\t<\/div>\n\t\t\t\t<\/div>\n\t\t\t\t\t<\/div>\n\t\t<\/div>\n\t\t\t\t<div class=\"elementor-column elementor-col-50 elementor-top-column elementor-element elementor-element-64476e7\" data-id=\"64476e7\" data-element_type=\"column\">\n\t\t\t<div class=\"elementor-widget-wrap elementor-element-populated\">\n\t\t\t\t\t\t\t\t<div class=\"elementor-element elementor-element-fcbd77b elementor-widget elementor-widget-image\" data-id=\"fcbd77b\" data-element_type=\"widget\" data-widget_type=\"image.default\">\n\t\t\t\t<div class=\"elementor-widget-container\">\n\t\t\t\t\t\t\t\t\t\t\t\t\t\t\t<img loading=\"lazy\" decoding=\"async\" width=\"1024\" height=\"1024\" src=\"https:\/\/arlanc.fr\/jardin-pour-la-terre\/wp-content\/uploads\/2024\/06\/IMG_8754-web-1024x1024.jpg\" class=\"attachment-large size-large\" alt=\"\" srcset=\"https:\/\/arlanc.fr\/jardin-pour-la-terre\/wp-content\/uploads\/2024\/06\/IMG_8754-web-1024x1024.jpg 1024w, https:\/\/arlanc.fr\/jardin-pour-la-terre\/wp-content\/uploads\/2024\/06\/IMG_8754-web-300x300.jpg 300w, https:\/\/arlanc.fr\/jardin-pour-la-terre\/wp-content\/uploads\/2024\/06\/IMG_8754-web-150x150.jpg 150w, https:\/\/arlanc.fr\/jardin-pour-la-terre\/wp-content\/uploads\/2024\/06\/IMG_8754-web-768x768.jpg 768w, https:\/\/arlanc.fr\/jardin-pour-la-terre\/wp-content\/uploads\/2024\/06\/IMG_8754-web.jpg 1500w\" sizes=\"auto, (max-width: 1024px) 100vw, 1024px\" \/>\t\t\t\t\t\t\t\t\t\t\t\t\t\t\t<\/div>\n\t\t\t\t<\/div>\n\t\t\t\t\t<\/div>\n\t\t<\/div>\n\t\t\t\t\t\t\t<\/div>\n\t\t<\/section>\n\t\t\t\t<section class=\"elementor-section elementor-top-section elementor-element elementor-element-3a40e7e elementor-section-boxed elementor-section-height-default elementor-section-height-default\" data-id=\"3a40e7e\" data-element_type=\"section\">\n\t\t\t\t\t\t<div class=\"elementor-container elementor-column-gap-default\">\n\t\t\t\t\t<div class=\"elementor-column elementor-col-50 elementor-top-column elementor-element elementor-element-9537707\" data-id=\"9537707\" data-element_type=\"column\">\n\t\t\t<div class=\"elementor-widget-wrap elementor-element-populated\">\n\t\t\t\t\t\t\t\t<div class=\"elementor-element elementor-element-c8a0f0e elementor-widget elementor-widget-image\" data-id=\"c8a0f0e\" data-element_type=\"widget\" data-widget_type=\"image.default\">\n\t\t\t\t<div class=\"elementor-widget-container\">\n\t\t\t\t\t\t\t\t\t\t\t\t\t\t\t<img decoding=\"async\" src=\"https:\/\/arlanc.fr\/jardin-pour-la-terre\/wp-content\/uploads\/2023\/03\/Bruant-et-ornements.png\" title=\"\" alt=\"\" \/>\t\t\t\t\t\t\t\t\t\t\t\t\t\t\t<\/div>\n\t\t\t\t<\/div>\n\t\t\t\t\t<\/div>\n\t\t<\/div>\n\t\t\t\t<div class=\"elementor-column elementor-col-50 elementor-top-column elementor-element elementor-element-bb4e182\" data-id=\"bb4e182\" data-element_type=\"column\">\n\t\t\t<div class=\"elementor-widget-wrap elementor-element-populated\">\n\t\t\t\t\t\t\t\t<div class=\"elementor-element elementor-element-270f250 elementor-widget elementor-widget-text-editor\" data-id=\"270f250\" data-element_type=\"widget\" data-widget_type=\"text-editor.default\">\n\t\t\t\t<div class=\"elementor-widget-container\">\n\t\t\t<style>\/*! elementor - v3.6.4 - 13-04-2022 *\/\n.elementor-widget-text-editor.elementor-drop-cap-view-stacked .elementor-drop-cap{background-color:#818a91;color:#fff}.elementor-widget-text-editor.elementor-drop-cap-view-framed .elementor-drop-cap{color:#818a91;border:3px solid;background-color:transparent}.elementor-widget-text-editor:not(.elementor-drop-cap-view-default) .elementor-drop-cap{margin-top:8px}.elementor-widget-text-editor:not(.elementor-drop-cap-view-default) .elementor-drop-cap-letter{width:1em;height:1em}.elementor-widget-text-editor .elementor-drop-cap{float:left;text-align:center;line-height:1;font-size:50px}.elementor-widget-text-editor .elementor-drop-cap-letter{display:inline-block}<\/style>\t\t\t\t<p><strong>UNE JOURNEE POUR ARPENTER LE MONDE<\/strong><\/p><p>Un endroit insolite et atypique o\u00f9 les salles de travail font place \u00e0 la mer du Nord et o\u00f9 les pauses donnent lieu \u00e0 un ravitaillement \u00e0 la brouette\u00a0!<\/p><p>Tout l\u2019univers du Jardin pour la Terre mis au service de votre entreprise.<\/p><p><strong><em>Optez pour une exp\u00e9rience originale lors de vos prochaines cessions de formation en r\u00e9unissant vos collaborateurs dans un univers unique au monde, naturel et onirique, \u00a0pour une offre conjuguant travail, sensation et loisirs.<\/em><\/strong><\/p><p><em style=\"font-family: var( --e-global-typography-text-font-family ), Sans-serif; font-weight: var( --e-global-typography-text-font-weight );\">les d\u00e9roul\u00e9s de journ\u00e9e ci dessous ne sont que des propositions parfaitement adaptables selon vos besoins.<\/em><\/p>\t\t\t\t\t\t<\/div>\n\t\t\t\t<\/div>\n\t\t\t\t\t<\/div>\n\t\t<\/div>\n\t\t\t\t\t\t\t<\/div>\n\t\t<\/section>\n\t\t\t\t<section class=\"elementor-section elementor-top-section elementor-element elementor-element-9af106c elementor-section-boxed elementor-section-height-default elementor-section-height-default\" data-id=\"9af106c\" data-element_type=\"section\">\n\t\t\t\t\t\t<div class=\"elementor-container elementor-column-gap-default\">\n\t\t\t\t\t<div class=\"elementor-column elementor-col-50 elementor-top-column elementor-element elementor-element-ad027c3\" data-id=\"ad027c3\" data-element_type=\"column\">\n\t\t\t<div class=\"elementor-widget-wrap elementor-element-populated\">\n\t\t\t\t\t\t\t\t<div class=\"elementor-element elementor-element-a5997cc elementor-widget elementor-widget-text-editor\" data-id=\"a5997cc\" data-element_type=\"widget\" data-widget_type=\"text-editor.default\">\n\t\t\t\t<div class=\"elementor-widget-container\">\n\t\t\t\t\t\t\t<p><strong>UNE JOURNEE POUR RENFORCER\u00a0<\/strong><strong>LA COHESION DU GROUPE<\/strong><\/p><p>Apprendre \u00e0 communiquer, \u00e0 se faire confiance, se d\u00e9couvrir en dehors de l\u2019entreprise, changer son regard \u00e0 l\u2019autre, renforcer la coh\u00e9sion d\u2019\u00e9quipe.\u00a0<\/p><p><u>8h30 \u2013Temps d\u2019accueil<\/u> &#8211; Pr\u00e9sentation du lieu et du programme du s\u00e9minaire durant une pause gourmande<\/p><p><u>9h 13h &#8211; Temps de travail r\u00e9serv\u00e9 \u00e0 l\u2019entreprise en mer du Nord <\/u>&#8211; Ravitaillement \u00e0 la brouette durant la cession de travail<\/p><p><u>13h 14h<\/u><span style=\"text-decoration: underline;\">&#8211; D\u00e9jeuner servi sous forme de buffet<\/span><\/p><p><u>14h 17h \u2013 Activit\u00e9 et animation team building<\/u><\/p><p>Le rallye nature est un jeu en \u00e9quipe contre la montre avec des \u00e9preuves \u00e0 la fois sportives et de connaissances, des d\u00e9fis amusants permettant le \u00ab\u00a0<strong>l\u00e2cher prise<\/strong>\u00a0\u00bb. C\u2019est un v\u00e9ritable <strong>\u00ab\u00a0travail d\u2019\u00e9quipe<\/strong>\u00a0<strong>\u00bb<\/strong> durant lequel il faut <strong>se motiver ensemble pour r\u00e9ussir.<\/strong><\/p><p>La grimpe d\u2019arbre (une des \u00e9preuves du rallye nature) est un m\u00e9lange de d\u00e9couverte et d\u2019\u00e9quilibre, de <strong>d\u00e9passement de soi<\/strong> et d\u2019agilit\u00e9 avec le plaisir d\u2019\u00eatre perch\u00e9 et de voir le monde d\u2019en haut. C\u2019est aussi le moment o\u00f9 il faut <strong>se faire confiance<\/strong> les <strong>uns assurant et encourageant les autres<\/strong> durant la grimpe.<\/p><p><u>17h &#8211; S\u00e9ance pl\u00e9ni\u00e8re &#8211;\u00a0<\/u>Bilan de la journ\u00e9e- Remise en perspective avec les valeurs de l\u2019entreprise- Les enjeux- Les objectifs.<em style=\"font-family: var( --e-global-typography-text-font-family ), Sans-serif; font-weight: var( --e-global-typography-text-font-weight );\">\u00a0<\/em><\/p>\t\t\t\t\t\t<\/div>\n\t\t\t\t<\/div>\n\t\t\t\t\t<\/div>\n\t\t<\/div>\n\t\t\t\t<div class=\"elementor-column elementor-col-50 elementor-top-column elementor-element elementor-element-f373a58\" data-id=\"f373a58\" data-element_type=\"column\">\n\t\t\t<div class=\"elementor-widget-wrap elementor-element-populated\">\n\t\t\t\t\t\t\t\t<div class=\"elementor-element elementor-element-c6741ea elementor-widget elementor-widget-text-editor\" data-id=\"c6741ea\" data-element_type=\"widget\" data-widget_type=\"text-editor.default\">\n\t\t\t\t<div class=\"elementor-widget-container\">\n\t\t\t\t\t\t\t<p><strong>UNE JOURNEE POUR ALIGNER LE CORPS ET L&rsquo;ESPRIT<\/strong><\/p><p>Apprendre \u00e0 se reconnecter \u00e0 ses \u00e9motions et \u00e0 se pr\u00e9server tout en dynamisant son capital sant\u00e9. Comment renforcer son efficacit\u00e9 dans l\u2019entreprise tout en prenant soin de soi. Le d\u00e9veloppement personnel est ici au service de l\u2019\u00e9nergie collective.<\/p><p><u>8h30 9h30 &#8211; \u00c9chauffement corporel<\/u><\/p><p><u>9h30 &#8211; Temps d\u2019accueil<\/u> &#8211; Pr\u00e9sentation du lieu et du programme du s\u00e9minaire durant une pause gourmande<\/p><p><u>10h 12h30 &#8211; Temps de travail r\u00e9serv\u00e9 \u00e0 l\u2019entreprise en mer du Nord <\/u>-Ravitaillement \u00e0 la brouette durant la cession de travail<\/p><p><u>12h30 13h30-\u00a0<\/u><span style=\"text-decoration: underline;\">Repas servi sous forme de buffet<\/span>\u00a0<\/p><p><u>13h30 16h30 \u2013 Performer gr\u00e2ce au mieux \u00eatre et \u00e0 la micronutrition<\/u> -\u00be d\u2019heures de coh\u00e9rence cardiaque entrecouperont des cessions d\u2019apprentissage autour de la micronutrition.<\/p><p><u>16h30 17h30 \u2013 Fermer la porte du bureau<\/u><\/p><p>Une douce transition pour aborder l\u2019apr\u00e8s journ\u00e9e de travail<\/p><p><u>17h30 \u2013 S\u00e9ance pl\u00e9ni\u00e8re <\/u>&#8211; Bilan de la journ\u00e9e- Remise en perspective avec les valeurs de l\u2019entreprise- Les enjeux- Les objectifs.<\/p><p>\u00a0<\/p>\t\t\t\t\t\t<\/div>\n\t\t\t\t<\/div>\n\t\t\t\t\t<\/div>\n\t\t<\/div>\n\t\t\t\t\t\t\t<\/div>\n\t\t<\/section>\n\t\t\t\t<section class=\"elementor-section elementor-top-section elementor-element elementor-element-c4b3c63 elementor-section-boxed elementor-section-height-default elementor-section-height-default\" data-id=\"c4b3c63\" data-element_type=\"section\">\n\t\t\t\t\t\t<div class=\"elementor-container elementor-column-gap-default\">\n\t\t\t\t\t<div class=\"elementor-column elementor-col-100 elementor-top-column elementor-element elementor-element-a62b154\" data-id=\"a62b154\" data-element_type=\"column\">\n\t\t\t<div class=\"elementor-widget-wrap elementor-element-populated\">\n\t\t\t\t\t\t\t\t<div class=\"elementor-element elementor-element-12804a3 elementor-widget elementor-widget-text-editor\" data-id=\"12804a3\" data-element_type=\"widget\" data-widget_type=\"text-editor.default\">\n\t\t\t\t<div class=\"elementor-widget-container\">\n\t\t\t\t\t\t\t<p><strong>DES PARTENAIRES EN LIEN AVEC LES VALEURS DU JARDIN<\/strong><\/p>\n<p>Parce que le Jardin est aussi un lieu de ressources, de vie et d\u2019\u00e9changes pour le territoire, de nouveaux partenariats se cr\u00e9ent chaque ann\u00e9e et permettent aujourd\u2019hui de proposer des cessions de formation tourn\u00e9es vers l\u2019entreprise.<\/p>\n<p><em><u>&nbsp;Zoom sur le partenariat sant\u00e9 :&nbsp;<\/u><a href=\"https:\/\/www.facebook.com\/profile.php?id=100087853930401\">\u00abSe lever du bon pied\u00bb<\/a>, 1 rue du 19 mars 1962, 63220 Arlanc &#8211; 07 84 85 85 20. Guillaume et Tatiana sp\u00e9cialistes en Microkin\u00e9sith\u00e9rapie, Micronutrition, Pr\u00e9vention en \u00e9cole et entreprise, Coaching sant\u00e9, m\u00e9decine holistique et alternative.<\/em><\/p>\n<p><em><u>Zoom sur le partenariat nature :&nbsp;<\/u><a href=\"https:\/\/www.facebook.com\/profile.php?id=100078034868434\">\u00abRelax\u00e9 branch\u00e9\u00bb<\/a>, La b\u00e2tisse- 63250 Saint jean des Olli\u00e8res.&nbsp;<\/em><em>Guillaume&nbsp;: 06 99 94 22 51<\/em><\/p>\n<p><em><u>Zoom sur St\u00e9fanie CALESSE<\/u> :&nbsp;<\/em><em>M\u00e9diatrice au Jardin pour la Terre, botaniste, formatrice en connaissance de l\u2019arbre. Elle est titulaire de plusieurs dipl\u00f4mes autour du v\u00e9g\u00e9tal du BEP au BTS (productions v\u00e9g\u00e9tales, am\u00e9nagements paysagers, gestion et protection de la nature) et poss\u00e8de \u00e9galement un master d&rsquo;\u00e9cologie sp\u00e9cialisation biodiversit\u00e9. Elle intervient notamment dans l\u2019animation du Rallye nature.<\/em><\/p>\n<p><strong>R\u00e9f\u00e9rent structure<\/strong>&nbsp;:<\/p>\n<p><u>Catherine MIALLET <\/u>04 73 95 00 71 ou 07 86 71 28 19<\/p>\n<p>Mail&nbsp;: <a href=\"mailto:jardinterre-arlanc@gmail.fr\">jardinterre-arlanc@gmail.fr<\/a>&nbsp;<\/p>\t\t\t\t\t\t<\/div>\n\t\t\t\t<\/div>\n\t\t\t\t\t<\/div>\n\t\t<\/div>\n\t\t\t\t\t\t\t<\/div>\n\t\t<\/section>\n\t\t\t\t\t\t\t<\/div>\n\t\t","protected":false},"excerpt":{"rendered":"<p>UNE JOURNEE POUR ARPENTER LE MONDE Un endroit insolite et atypique o\u00f9 les salles de travail font place \u00e0 la mer du Nord et o\u00f9 les pauses donnent lieu \u00e0 un ravitaillement \u00e0 la brouette\u00a0! Tout l\u2019univers du Jardin pour la Terre mis au service de votre entreprise. Optez pour une exp\u00e9rience originale lors de [&hellip;]<\/p>\n","protected":false},"author":1,"featured_media":0,"parent":0,"menu_order":0,"comment_status":"closed","ping_status":"closed","template":"page-templates\/sidebar-left.php","meta":{"_price":"","_stock":"","_tribe_ticket_header":"","_tribe_default_ticket_provider":"","_tribe_ticket_capacity":"0","_ticket_start_date":"","_ticket_end_date":"","_tribe_ticket_show_description":"","_tribe_ticket_show_not_going":false,"_tribe_ticket_use_global_stock":"","_tribe_ticket_global_stock_level":"","_global_stock_mode":"","_global_stock_cap":"","_tribe_rsvp_for_event":"","_tribe_ticket_going_count":"","_tribe_ticket_not_going_count":"","_tribe_tickets_list":[],"_tribe_ticket_has_attendee_info_fields":false,"footnotes":""},"class_list":["post-1063","page","type-page","status-publish","hentry"],"yoast_head":"<!-- This site is optimized with the Yoast SEO plugin v27.6 - https:\/\/yoast.com\/product\/yoast-seo-wordpress\/ -->\n<title>S\u00e9minaires du dehors - Le Jardin pour la Terre<\/title>\n<meta name=\"description\" content=\"S\u00e9minaire du dehors : apprendre \u00e0 communiquer, se faire confiance, se d\u00e9couvrir en dehors de l\u2019entreprise, changer son regard \u00e0 l\u2019autre, se reconnecter \u00e0 ses \u00e9motions, vivre et partager des sensations fortes, d\u00e9couvrir un monde v\u00e9g\u00e9tal extraordinaire \u2026 et bien plus encore.\" \/>\n<meta name=\"robots\" content=\"index, follow, max-snippet:-1, max-image-preview:large, max-video-preview:-1\" \/>\n<link rel=\"canonical\" href=\"https:\/\/arlanc.fr\/jardin-pour-la-terre\/seminaire\/\" \/>\n<meta property=\"og:locale\" content=\"fr_FR\" \/>\n<meta property=\"og:type\" content=\"article\" \/>\n<meta property=\"og:title\" content=\"S\u00e9minaires du dehors - Le Jardin pour la Terre\" \/>\n<meta property=\"og:description\" content=\"S\u00e9minaire du dehors : apprendre \u00e0 communiquer, se faire confiance, se d\u00e9couvrir en dehors de l\u2019entreprise, changer son regard \u00e0 l\u2019autre, se reconnecter \u00e0 ses \u00e9motions, vivre et partager des sensations fortes, d\u00e9couvrir un monde v\u00e9g\u00e9tal extraordinaire \u2026 et bien plus encore.\" \/>\n<meta property=\"og:url\" content=\"https:\/\/arlanc.fr\/jardin-pour-la-terre\/seminaire\/\" \/>\n<meta property=\"og:site_name\" content=\"Le Jardin pour la Terre\" \/>\n<meta property=\"article:modified_time\" content=\"2024-06-25T11:54:26+00:00\" \/>\n<meta property=\"og:image\" content=\"https:\/\/arlanc.fr\/jardin-pour-la-terre\/wp-content\/uploads\/2024\/06\/IMG_8774-version-web-1024x683.jpg\" \/>\n<meta name=\"twitter:card\" content=\"summary_large_image\" \/>\n<meta name=\"twitter:label1\" content=\"Dur\u00e9e de lecture estim\u00e9e\" \/>\n\t<meta name=\"twitter:data1\" content=\"4 minutes\" \/>\n<script type=\"application\/ld+json\" class=\"yoast-schema-graph\">{\"@context\":\"https:\\\/\\\/schema.org\",\"@graph\":[{\"@type\":\"WebPage\",\"@id\":\"https:\\\/\\\/arlanc.fr\\\/jardin-pour-la-terre\\\/seminaire\\\/\",\"url\":\"https:\\\/\\\/arlanc.fr\\\/jardin-pour-la-terre\\\/seminaire\\\/\",\"name\":\"S\u00e9minaires du dehors - Le Jardin pour la Terre\",\"isPartOf\":{\"@id\":\"https:\\\/\\\/arlanc.fr\\\/jardin-pour-la-terre\\\/#website\"},\"primaryImageOfPage\":{\"@id\":\"https:\\\/\\\/arlanc.fr\\\/jardin-pour-la-terre\\\/seminaire\\\/#primaryimage\"},\"image\":{\"@id\":\"https:\\\/\\\/arlanc.fr\\\/jardin-pour-la-terre\\\/seminaire\\\/#primaryimage\"},\"thumbnailUrl\":\"https:\\\/\\\/arlanc.fr\\\/jardin-pour-la-terre\\\/wp-content\\\/uploads\\\/2024\\\/06\\\/IMG_8774-version-web-1024x683.jpg\",\"datePublished\":\"2023-02-20T08:44:39+00:00\",\"dateModified\":\"2024-06-25T11:54:26+00:00\",\"description\":\"S\u00e9minaire du dehors : apprendre \u00e0 communiquer, se faire confiance, se d\u00e9couvrir en dehors de l\u2019entreprise, changer son regard \u00e0 l\u2019autre, se reconnecter \u00e0 ses \u00e9motions, vivre et partager des sensations fortes, d\u00e9couvrir un monde v\u00e9g\u00e9tal extraordinaire \u2026 et bien plus encore.\",\"breadcrumb\":{\"@id\":\"https:\\\/\\\/arlanc.fr\\\/jardin-pour-la-terre\\\/seminaire\\\/#breadcrumb\"},\"inLanguage\":\"fr-FR\",\"potentialAction\":[{\"@type\":\"ReadAction\",\"target\":[\"https:\\\/\\\/arlanc.fr\\\/jardin-pour-la-terre\\\/seminaire\\\/\"]}]},{\"@type\":\"ImageObject\",\"inLanguage\":\"fr-FR\",\"@id\":\"https:\\\/\\\/arlanc.fr\\\/jardin-pour-la-terre\\\/seminaire\\\/#primaryimage\",\"url\":\"https:\\\/\\\/arlanc.fr\\\/jardin-pour-la-terre\\\/wp-content\\\/uploads\\\/2024\\\/06\\\/IMG_8774-version-web.jpg\",\"contentUrl\":\"https:\\\/\\\/arlanc.fr\\\/jardin-pour-la-terre\\\/wp-content\\\/uploads\\\/2024\\\/06\\\/IMG_8774-version-web.jpg\",\"width\":1200,\"height\":800},{\"@type\":\"BreadcrumbList\",\"@id\":\"https:\\\/\\\/arlanc.fr\\\/jardin-pour-la-terre\\\/seminaire\\\/#breadcrumb\",\"itemListElement\":[{\"@type\":\"ListItem\",\"position\":1,\"name\":\"Accueil\",\"item\":\"https:\\\/\\\/arlanc.fr\\\/jardin-pour-la-terre\\\/\"},{\"@type\":\"ListItem\",\"position\":2,\"name\":\"S\u00e9minaires du dehors\"}]},{\"@type\":\"WebSite\",\"@id\":\"https:\\\/\\\/arlanc.fr\\\/jardin-pour-la-terre\\\/#website\",\"url\":\"https:\\\/\\\/arlanc.fr\\\/jardin-pour-la-terre\\\/\",\"name\":\"Le Jardin pour la Terre\",\"description\":\"Un site utilisant WordPress\",\"publisher\":{\"@id\":\"https:\\\/\\\/arlanc.fr\\\/jardin-pour-la-terre\\\/#organization\"},\"potentialAction\":[{\"@type\":\"SearchAction\",\"target\":{\"@type\":\"EntryPoint\",\"urlTemplate\":\"https:\\\/\\\/arlanc.fr\\\/jardin-pour-la-terre\\\/?s={search_term_string}\"},\"query-input\":{\"@type\":\"PropertyValueSpecification\",\"valueRequired\":true,\"valueName\":\"search_term_string\"}}],\"inLanguage\":\"fr-FR\"},{\"@type\":\"Organization\",\"@id\":\"https:\\\/\\\/arlanc.fr\\\/jardin-pour-la-terre\\\/#organization\",\"name\":\"Le Jardin pour la Terre\",\"url\":\"https:\\\/\\\/arlanc.fr\\\/jardin-pour-la-terre\\\/\",\"logo\":{\"@type\":\"ImageObject\",\"inLanguage\":\"fr-FR\",\"@id\":\"https:\\\/\\\/arlanc.fr\\\/jardin-pour-la-terre\\\/#\\\/schema\\\/logo\\\/image\\\/\",\"url\":\"https:\\\/\\\/arlanc.fr\\\/jardin-pour-la-terre\\\/wp-content\\\/uploads\\\/2022\\\/04\\\/unnamed.png\",\"contentUrl\":\"https:\\\/\\\/arlanc.fr\\\/jardin-pour-la-terre\\\/wp-content\\\/uploads\\\/2022\\\/04\\\/unnamed.png\",\"width\":160,\"height\":160,\"caption\":\"Le Jardin pour la Terre\"},\"image\":{\"@id\":\"https:\\\/\\\/arlanc.fr\\\/jardin-pour-la-terre\\\/#\\\/schema\\\/logo\\\/image\\\/\"}}]}<\/script>\n<!-- \/ Yoast SEO plugin. -->","yoast_head_json":{"title":"S\u00e9minaires du dehors - Le Jardin pour la Terre","description":"S\u00e9minaire du dehors : apprendre \u00e0 communiquer, se faire confiance, se d\u00e9couvrir en dehors de l\u2019entreprise, changer son regard \u00e0 l\u2019autre, se reconnecter \u00e0 ses \u00e9motions, vivre et partager des sensations fortes, d\u00e9couvrir un monde v\u00e9g\u00e9tal extraordinaire \u2026 et bien plus encore.","robots":{"index":"index","follow":"follow","max-snippet":"max-snippet:-1","max-image-preview":"max-image-preview:large","max-video-preview":"max-video-preview:-1"},"canonical":"https:\/\/arlanc.fr\/jardin-pour-la-terre\/seminaire\/","og_locale":"fr_FR","og_type":"article","og_title":"S\u00e9minaires du dehors - Le Jardin pour la Terre","og_description":"S\u00e9minaire du dehors : apprendre \u00e0 communiquer, se faire confiance, se d\u00e9couvrir en dehors de l\u2019entreprise, changer son regard \u00e0 l\u2019autre, se reconnecter \u00e0 ses \u00e9motions, vivre et partager des sensations fortes, d\u00e9couvrir un monde v\u00e9g\u00e9tal extraordinaire \u2026 et bien plus encore.","og_url":"https:\/\/arlanc.fr\/jardin-pour-la-terre\/seminaire\/","og_site_name":"Le Jardin pour la Terre","article_modified_time":"2024-06-25T11:54:26+00:00","og_image":[{"url":"https:\/\/arlanc.fr\/jardin-pour-la-terre\/wp-content\/uploads\/2024\/06\/IMG_8774-version-web-1024x683.jpg","type":"","width":"","height":""}],"twitter_card":"summary_large_image","twitter_misc":{"Dur\u00e9e de lecture estim\u00e9e":"4 minutes"},"schema":{"@context":"https:\/\/schema.org","@graph":[{"@type":"WebPage","@id":"https:\/\/arlanc.fr\/jardin-pour-la-terre\/seminaire\/","url":"https:\/\/arlanc.fr\/jardin-pour-la-terre\/seminaire\/","name":"S\u00e9minaires du dehors - Le Jardin pour la Terre","isPartOf":{"@id":"https:\/\/arlanc.fr\/jardin-pour-la-terre\/#website"},"primaryImageOfPage":{"@id":"https:\/\/arlanc.fr\/jardin-pour-la-terre\/seminaire\/#primaryimage"},"image":{"@id":"https:\/\/arlanc.fr\/jardin-pour-la-terre\/seminaire\/#primaryimage"},"thumbnailUrl":"https:\/\/arlanc.fr\/jardin-pour-la-terre\/wp-content\/uploads\/2024\/06\/IMG_8774-version-web-1024x683.jpg","datePublished":"2023-02-20T08:44:39+00:00","dateModified":"2024-06-25T11:54:26+00:00","description":"S\u00e9minaire du dehors : apprendre \u00e0 communiquer, se faire confiance, se d\u00e9couvrir en dehors de l\u2019entreprise, changer son regard \u00e0 l\u2019autre, se reconnecter \u00e0 ses \u00e9motions, vivre et partager des sensations fortes, d\u00e9couvrir un monde v\u00e9g\u00e9tal extraordinaire \u2026 et bien plus encore.","breadcrumb":{"@id":"https:\/\/arlanc.fr\/jardin-pour-la-terre\/seminaire\/#breadcrumb"},"inLanguage":"fr-FR","potentialAction":[{"@type":"ReadAction","target":["https:\/\/arlanc.fr\/jardin-pour-la-terre\/seminaire\/"]}]},{"@type":"ImageObject","inLanguage":"fr-FR","@id":"https:\/\/arlanc.fr\/jardin-pour-la-terre\/seminaire\/#primaryimage","url":"https:\/\/arlanc.fr\/jardin-pour-la-terre\/wp-content\/uploads\/2024\/06\/IMG_8774-version-web.jpg","contentUrl":"https:\/\/arlanc.fr\/jardin-pour-la-terre\/wp-content\/uploads\/2024\/06\/IMG_8774-version-web.jpg","width":1200,"height":800},{"@type":"BreadcrumbList","@id":"https:\/\/arlanc.fr\/jardin-pour-la-terre\/seminaire\/#breadcrumb","itemListElement":[{"@type":"ListItem","position":1,"name":"Accueil","item":"https:\/\/arlanc.fr\/jardin-pour-la-terre\/"},{"@type":"ListItem","position":2,"name":"S\u00e9minaires du dehors"}]},{"@type":"WebSite","@id":"https:\/\/arlanc.fr\/jardin-pour-la-terre\/#website","url":"https:\/\/arlanc.fr\/jardin-pour-la-terre\/","name":"Le Jardin pour la Terre","description":"Un site utilisant WordPress","publisher":{"@id":"https:\/\/arlanc.fr\/jardin-pour-la-terre\/#organization"},"potentialAction":[{"@type":"SearchAction","target":{"@type":"EntryPoint","urlTemplate":"https:\/\/arlanc.fr\/jardin-pour-la-terre\/?s={search_term_string}"},"query-input":{"@type":"PropertyValueSpecification","valueRequired":true,"valueName":"search_term_string"}}],"inLanguage":"fr-FR"},{"@type":"Organization","@id":"https:\/\/arlanc.fr\/jardin-pour-la-terre\/#organization","name":"Le Jardin pour la Terre","url":"https:\/\/arlanc.fr\/jardin-pour-la-terre\/","logo":{"@type":"ImageObject","inLanguage":"fr-FR","@id":"https:\/\/arlanc.fr\/jardin-pour-la-terre\/#\/schema\/logo\/image\/","url":"https:\/\/arlanc.fr\/jardin-pour-la-terre\/wp-content\/uploads\/2022\/04\/unnamed.png","contentUrl":"https:\/\/arlanc.fr\/jardin-pour-la-terre\/wp-content\/uploads\/2022\/04\/unnamed.png","width":160,"height":160,"caption":"Le Jardin pour la Terre"},"image":{"@id":"https:\/\/arlanc.fr\/jardin-pour-la-terre\/#\/schema\/logo\/image\/"}}]}},"ticketed":false,"_links":{"self":[{"href":"https:\/\/arlanc.fr\/jardin-pour-la-terre\/wp-json\/wp\/v2\/pages\/1063","targetHints":{"allow":["GET"]}}],"collection":[{"href":"https:\/\/arlanc.fr\/jardin-pour-la-terre\/wp-json\/wp\/v2\/pages"}],"about":[{"href":"https:\/\/arlanc.fr\/jardin-pour-la-terre\/wp-json\/wp\/v2\/types\/page"}],"author":[{"embeddable":true,"href":"https:\/\/arlanc.fr\/jardin-pour-la-terre\/wp-json\/wp\/v2\/users\/1"}],"replies":[{"embeddable":true,"href":"https:\/\/arlanc.fr\/jardin-pour-la-terre\/wp-json\/wp\/v2\/comments?post=1063"}],"version-history":[{"count":43,"href":"https:\/\/arlanc.fr\/jardin-pour-la-terre\/wp-json\/wp\/v2\/pages\/1063\/revisions"}],"predecessor-version":[{"id":2393,"href":"https:\/\/arlanc.fr\/jardin-pour-la-terre\/wp-json\/wp\/v2\/pages\/1063\/revisions\/2393"}],"wp:attachment":[{"href":"https:\/\/arlanc.fr\/jardin-pour-la-terre\/wp-json\/wp\/v2\/media?parent=1063"}],"curies":[{"name":"wp","href":"https:\/\/api.w.org\/{rel}","templated":true}]}}